{"id":125,"date":"2021-12-13T08:42:34","date_gmt":"2021-12-13T07:42:34","guid":{"rendered":"https:\/\/www.arenal.com\/?page_id=125"},"modified":"2021-12-13T08:42:35","modified_gmt":"2021-12-13T07:42:35","slug":"aviso-legal","status":"publish","type":"page","link":"https:\/\/www.arenal.com\/blog\/aviso-legal","title":{"rendered":"Aviso legal"},"content":{"rendered":"\n<p>En cumplimiento de la Ley 34\/2002, de 11 de julio, de servicios de la sociedad de la informaci\u00f3n y del comercio electr\u00f3nico, art\u00edculo 10, se da a conocer la siguiente Informaci\u00f3n General:<strong>Arenal Perfumer\u00edas, S.L.U<\/strong><br>B27147297<br>R\u00faa da Industria 94<br>27003 &#8211; Lugo<br><a href=\"mailto:tiendaweb@arenal.com\">tiendaweb@arenal.com<\/a><\/p>\n\n\n\n<p>Inscrita en el Registro Mercantil de Lugo, Folio 88, Tomo 163, Hoja LU-729, Fecha 20-01-97.<\/p>\n\n\n\n<p>Arenal Perfumer\u00edas, S.L.U declara haber efectuado al Registro Mercantil de Lugo las correspondientes comunicaciones de nombres de dominio, en cumplimiento de lo dispuesto en el art\u00edculo 9\u00ba de la Ley 34\/2002, de 11 de Julio, de Servicios de la Sociedad de la Informaci\u00f3n y de Comercio Electr\u00f3nico. Figura dicha inscripci\u00f3n en el Registro Mercantil de Lugo, Folio 89, Tomo 163, Hoja LU-729, Fecha 20-06-03.<\/p>\n\n\n\n<h2 class=\"wp-block-heading\">I.- Usuarios<\/h2>\n\n\n\n<p>El acceso a y\/o uso del sitio web de http:\/\/www.arenal.com atribuye a quien lo realiza la condici\u00f3n de usuario, aceptando, desde ese mismo momento, plenamente y sin reservas alguna, las presentes condiciones generales, as\u00ed como las condiciones particulares que, en su caso, complementen, modifiquen o sustituyan las condiciones generales en relaci\u00f3n con determinados servicios y contenidos del sitio web.<\/p>\n\n\n\n<h2 class=\"wp-block-heading\">II.- Uso del sitio Web, sus servicios y contenidos<\/h2>\n\n\n\n<p>El usuario se compromete a utilizar el sitio Web y sus servicios y contenidos sin contravenir la legislaci\u00f3n vigente, la buena fe, los usos generalmente aceptados y el orden p\u00fablico.<\/p>\n\n\n\n<p>As\u00ed mismo, queda prohibido, el uso del Web con fines il\u00edcitos o lesivos contra ARENAL PERFUMER\u00cdAS, S.L.U. o cualquier tercero, o que, de cualquier forma, puedan causar perjuicio o impedir el normal funcionamiento del sitio Web.<\/p>\n\n\n\n<p>Respecto de los contenidos (informaciones, textos, gr\u00e1ficos, archivos de sonido y\/o imagen, fotograf\u00edas, dise\u00f1os, etc.), se proh\u00edbe:<\/p>\n\n\n\n<ul class=\"wp-block-list\"><li>Su reproducci\u00f3n, distribuci\u00f3n o modificaci\u00f3n, a menos que se cuente con la autorizaci\u00f3n de sus leg\u00edtimos titulares o resulte legalmente permitido.<\/li><li>Cualquier vulneraci\u00f3n de los derechos de ARENAL PERFUMER\u00cdAS, S.L.U. o de sus leg\u00edtimos titulares sobre los mismos.<\/li><li>Su utilizaci\u00f3n para todo tipo de fines comerciales o publicitarios, distintos de los estrictamente permitidos.<\/li><li>Cualquier intento de obtener los contenidos del sitio Web por cualquier medio distinto de los que se pongan a disposici\u00f3n de los usuarios as\u00ed como de los que habitualmente se empleen en la red, siempre que no causen perjuicio alguno al sitio Web del ARENAL PERFUMER\u00cdAS, S.L.U.<\/li><\/ul>\n\n\n\n<h2 class=\"wp-block-heading\">III.- Modificaci\u00f3n unilateral<\/h2>\n\n\n\n<p>ARENAL PERFUMER\u00cdAS, S.L.U podr\u00e1 modificar unilateralmente y sin previo aviso, siempre que lo considere oportuno, la estructura y dise\u00f1o del sitio Web, as\u00ed como modificar o eliminar, los servicios, los contenidos y las condiciones de acceso y\/o uso del sitio Web.<\/p>\n\n\n\n<h2 class=\"wp-block-heading\">IV.- Hiperenlaces<\/h2>\n\n\n\n<p>El establecimiento de cualquier \u00abhiperenlace\u00bb entre una p\u00e1gina web y cualquiera de las p\u00e1ginas web del sitio Web de ARENAL PERFUMER\u00cdAS, S.L.U estar\u00e1 sometido a las siguientes condiciones:<\/p>\n\n\n\n<ul class=\"wp-block-list\"><li>No se permite la reproducci\u00f3n ni total ni parcial de ninguno de los servicios ni contenidos del sitio Web de ARENAL PERFUMER\u00cdAS, S.L.U<\/li><li>No se establecer\u00e1n deep-links con las p\u00e1ginas web del sitio Web ni de sus servicios ni se crear\u00e1 un browser o un border enviroment sobre las mismas.<\/li><li>La p\u00e1gina web en la que se establezca el hiperenlace no contendr\u00e1 ninguna marca, nombre comercial, r\u00f3tulo de establecimiento, denominaci\u00f3n, logotipo, eslogan u otros signos distintivos pertenecientes al ARENAL PERFUMER\u00cdAS, S.L.U<\/li><li>Bajo ninguna circunstancia, ARENAL PERFUMER\u00cdAS, S.L.U ser\u00e1 responsable de los contenidos o servicios puestos a disposici\u00f3n del p\u00fablico en la p\u00e1gina web desde la que se realice el \u00abhiperenlace\u00bb ni de las informaciones y manifestaciones incluidas en las mismas.<\/li><\/ul>\n\n\n\n<h2 class=\"wp-block-heading\">V. Exclusi\u00f3n de Garant\u00edas y responsabilidad<\/h2>\n\n\n\n<p>ARENAL PERFUMER\u00cdAS, S.L.U no otorga ninguna garant\u00eda ni se hace responsable, en ning\u00fan caso, de los da\u00f1os y perjuicios de cualquier naturaleza que pudieran traer causa de:<\/p>\n\n\n\n<ul class=\"wp-block-list\"><li>La falta disponibilidad, mantenimiento y efectivo funcionamiento del Web y\/o de sus servicios o contenidos.<\/li><li>La falta de utilidad, adecuaci\u00f3n o validez del Web y\/o de sus servicios o contenidos para satisfacer necesidades, actividades o resultados concretos o expectativas de los usuarios.<\/li><li>La existencia de virus, programas maliciosos o lesivos en los contenidos.<\/li><li>La recepci\u00f3n, obtenci\u00f3n, almacenamiento, difusi\u00f3n o transmisi\u00f3n, por parte de los usuarios, de los contenidos.<\/li><li>El uso il\u00edcito, negligente, fraudulento, contrario a las presentes Condiciones Generales, a la buena fe, a los usos generalmente aceptados o al orden p\u00fablico, del sitio Web, sus servicios o contenidos, por parte de los usuarios.<\/li><li>La falta de licitud, calidad, fiabilidad, utilidad y disponibilidad de los servicios prestados por terceros y puestos a disposici\u00f3n de los usuarios en el sitio Web.<\/li><li>El incumplimiento por parte de terceros de sus obligaciones o compromisos en relaci\u00f3n con los servicios prestados a los usuarios a trav\u00e9s del sitio Web.<\/li><\/ul>\n\n\n\n<h2 class=\"wp-block-heading\">VI. Duraci\u00f3n<\/h2>\n\n\n\n<p>La duraci\u00f3n de la prestaci\u00f3n del servicio del sitio Web y de los servicios es de car\u00e1cter indefinido.<\/p>\n\n\n\n<p>Sin perjuicio de lo anterior, ARENAL PERFUMER\u00cdAS, S.L.U se reserva el derecho para, interrumpir, suspender o terminar la prestaci\u00f3n del servicio del Web o de cualquiera de los servicios que lo integran, en los mismos t\u00e9rminos que se recogen en la condici\u00f3n tercera.<\/p>\n\n\n\n<h2 class=\"wp-block-heading\">VII. Propiedad Intelectual<\/h2>\n\n\n\n<p>A los efectos de preservar los posibles derechos de propiedad intelectual, en el caso de que cualquier usuario o un tercero considere que se ha producido una violaci\u00f3n de sus leg\u00edtimos derechos por la introducci\u00f3n de un determinado contenido en el Web, deber\u00e1 notificar dicha circunstancia a ARENAL PERFUMER\u00cdAS, S.L.U indicando:<\/p>\n\n\n\n<ul class=\"wp-block-list\"><li>Datos personales del interesado titular de los derechos presuntamente infringidos. Si la reclamaci\u00f3n la presenta un tercero distinto del interesado, deber\u00e1 indicar la representaci\u00f3n con la que act\u00faa.<\/li><li>Indicaci\u00f3n de los contenidos protegidos por los derechos de propiedad intelectual y su ubicaci\u00f3n en el Web.<\/li><li>Acreditaci\u00f3n de los citados derechos de propiedad intelectual.<\/li><li>Declaraci\u00f3n expresa en la que el interesado se responsabiliza de la veracidad de las informaciones facilitadas en la notificaci\u00f3n.<\/li><\/ul>\n\n\n\n<p>Las marcas ARENAL PERFUMER\u00cdAS, S.L.U y las correspondientes marcas gr\u00e1ficas son todas ellas marcas registradas y queda prohibida su reproducci\u00f3n o uso sin la autorizaci\u00f3n de su titular.<\/p>\n\n\n\n<p>La legitimidad de los derechos de propiedad intelectual o industrial correspondientes a los contenidos aportados por terceros es de la exclusiva responsabilidad de los mismos.<\/p>\n\n\n\n<h2 class=\"wp-block-heading\">VIII. Legislaci\u00f3n aplicable y Jurisdicci\u00f3n<\/h2>\n\n\n\n<p>Estas Condiciones Generales de uso y navegaci\u00f3n as\u00ed como cualquier relaci\u00f3n entre el usuario y ARENAL, se regir\u00e1n por la legislaci\u00f3n espa\u00f1ola.<\/p>\n\n\n\n<p>En los casos de discrepancias interpretativas, producidas por la existencia de diferentes versiones en idiomas distintos al castellano, siempre primar\u00e1 la versi\u00f3n en este idioma frente a las otras versiones.<\/p>\n\n\n\n<p>ARENAL podr\u00e1 establecer como sistema de resoluci\u00f3n de conflictos el arbitraje de consumo, en cuyo caso, \u00e9ste ser\u00e1 el medio ordinario de resoluci\u00f3n de discrepancias.<\/p>\n","protected":false},"excerpt":{"rendered":"<p>En cumplimiento de la Ley 34\/2002, de 11 de julio, de servicios de la sociedad de la informaci\u00f3n y del<\/p>\n","protected":false},"author":1,"featured_media":0,"parent":0,"menu_order":0,"comment_status":"closed","ping_status":"closed","template":"","meta":{"footnotes":""},"class_list":["post-125","page","type-page","status-publish","hentry"],"featured_image_src":null,"yoast_head":"<!-- This site is optimized with the Yoast SEO plugin v27.4 - https:\/\/yoast.com\/product\/yoast-seo-wordpress\/ -->\n<title>Aviso legal | Blog de Arenal<\/title>\n<meta name=\"robots\" content=\"index, follow, max-snippet:-1, max-image-preview:large, max-video-preview:-1\" \/>\n<link rel=\"canonical\" href=\"https:\/\/www.arenal.com\/blog\/aviso-legal\" \/>\n<meta property=\"og:locale\" content=\"es_ES\" \/>\n<meta property=\"og:type\" content=\"article\" \/>\n<meta property=\"og:title\" content=\"Aviso legal | Blog de Arenal\" \/>\n<meta property=\"og:description\" content=\"En cumplimiento de la Ley 34\/2002, de 11 de julio, de servicios de la sociedad de la informaci\u00f3n y del\" \/>\n<meta property=\"og:url\" content=\"https:\/\/www.arenal.com\/blog\/aviso-legal\" \/>\n<meta property=\"og:site_name\" content=\"Blog de Arenal\" \/>\n<meta property=\"article:modified_time\" content=\"2021-12-13T07:42:35+00:00\" \/>\n<meta name=\"twitter:card\" content=\"summary_large_image\" \/>\n<meta name=\"twitter:label1\" content=\"Tiempo de lectura\" \/>\n\t<meta name=\"twitter:data1\" content=\"6 minutos\" \/>\n<script type=\"application\/ld+json\" class=\"yoast-schema-graph\">{\"@context\":\"https:\\\/\\\/schema.org\",\"@graph\":[{\"@type\":\"WebPage\",\"@id\":\"https:\\\/\\\/www.arenal.com\\\/blog\\\/aviso-legal\",\"url\":\"https:\\\/\\\/www.arenal.com\\\/blog\\\/aviso-legal\",\"name\":\"Aviso legal | Blog de Arenal\",\"isPartOf\":{\"@id\":\"https:\\\/\\\/www.arenal.com\\\/blog\\\/#website\"},\"datePublished\":\"2021-12-13T07:42:34+00:00\",\"dateModified\":\"2021-12-13T07:42:35+00:00\",\"inLanguage\":\"es\",\"potentialAction\":[{\"@type\":\"ReadAction\",\"target\":[\"https:\\\/\\\/www.arenal.com\\\/blog\\\/aviso-legal\"]}]},{\"@type\":\"WebSite\",\"@id\":\"https:\\\/\\\/www.arenal.com\\\/blog\\\/#website\",\"url\":\"https:\\\/\\\/www.arenal.com\\\/blog\\\/\",\"name\":\"Blog de Arenal\",\"description\":\"\",\"potentialAction\":[{\"@type\":\"SearchAction\",\"target\":{\"@type\":\"EntryPoint\",\"urlTemplate\":\"https:\\\/\\\/www.arenal.com\\\/blog\\\/?s={search_term_string}\"},\"query-input\":{\"@type\":\"PropertyValueSpecification\",\"valueRequired\":true,\"valueName\":\"search_term_string\"}}],\"inLanguage\":\"es\"}]}<\/script>\n<!-- \/ Yoast SEO plugin. -->","yoast_head_json":{"title":"Aviso legal | Blog de Arenal","robots":{"index":"index","follow":"follow","max-snippet":"max-snippet:-1","max-image-preview":"max-image-preview:large","max-video-preview":"max-video-preview:-1"},"canonical":"https:\/\/www.arenal.com\/blog\/aviso-legal","og_locale":"es_ES","og_type":"article","og_title":"Aviso legal | Blog de Arenal","og_description":"En cumplimiento de la Ley 34\/2002, de 11 de julio, de servicios de la sociedad de la informaci\u00f3n y del","og_url":"https:\/\/www.arenal.com\/blog\/aviso-legal","og_site_name":"Blog de Arenal","article_modified_time":"2021-12-13T07:42:35+00:00","twitter_card":"summary_large_image","twitter_misc":{"Tiempo de lectura":"6 minutos"},"schema":{"@context":"https:\/\/schema.org","@graph":[{"@type":"WebPage","@id":"https:\/\/www.arenal.com\/blog\/aviso-legal","url":"https:\/\/www.arenal.com\/blog\/aviso-legal","name":"Aviso legal | Blog de Arenal","isPartOf":{"@id":"https:\/\/www.arenal.com\/blog\/#website"},"datePublished":"2021-12-13T07:42:34+00:00","dateModified":"2021-12-13T07:42:35+00:00","inLanguage":"es","potentialAction":[{"@type":"ReadAction","target":["https:\/\/www.arenal.com\/blog\/aviso-legal"]}]},{"@type":"WebSite","@id":"https:\/\/www.arenal.com\/blog\/#website","url":"https:\/\/www.arenal.com\/blog\/","name":"Blog de Arenal","description":"","potentialAction":[{"@type":"SearchAction","target":{"@type":"EntryPoint","urlTemplate":"https:\/\/www.arenal.com\/blog\/?s={search_term_string}"},"query-input":{"@type":"PropertyValueSpecification","valueRequired":true,"valueName":"search_term_string"}}],"inLanguage":"es"}]}},"_links":{"self":[{"href":"https:\/\/www.arenal.com\/blog\/wp-json\/wp\/v2\/pages\/125","targetHints":{"allow":["GET"]}}],"collection":[{"href":"https:\/\/www.arenal.com\/blog\/wp-json\/wp\/v2\/pages"}],"about":[{"href":"https:\/\/www.arenal.com\/blog\/wp-json\/wp\/v2\/types\/page"}],"author":[{"embeddable":true,"href":"https:\/\/www.arenal.com\/blog\/wp-json\/wp\/v2\/users\/1"}],"replies":[{"embeddable":true,"href":"https:\/\/www.arenal.com\/blog\/wp-json\/wp\/v2\/comments?post=125"}],"version-history":[{"count":1,"href":"https:\/\/www.arenal.com\/blog\/wp-json\/wp\/v2\/pages\/125\/revisions"}],"predecessor-version":[{"id":126,"href":"https:\/\/www.arenal.com\/blog\/wp-json\/wp\/v2\/pages\/125\/revisions\/126"}],"wp:attachment":[{"href":"https:\/\/www.arenal.com\/blog\/wp-json\/wp\/v2\/media?parent=125"}],"curies":[{"name":"wp","href":"https:\/\/api.w.org\/{rel}","templated":true}]}}